{"id":34,"date":"2024-06-13T17:57:01","date_gmt":"2024-06-13T15:57:01","guid":{"rendered":"https:\/\/dynagym-mangin-ilebeaulieu.fr\/?page_id=34"},"modified":"2026-03-10T10:00:19","modified_gmt":"2026-03-10T09:00:19","slug":"agenda","status":"publish","type":"page","link":"https:\/\/dynagym-mangin-ilebeaulieu.fr\/index.php\/agenda\/","title":{"rendered":"Agenda"},"content":{"rendered":"\n<p>10 septembre 2025 Portes Ouvertes au P\u00f4le Associatif Mangin Ile Beaulieu<\/p>\n\n\n\n<p>13 septembre 2025 Forum des Associations \u00e0 la Maison de Quartier rue Conan M\u00e9riadec<\/p>\n\n\n\n<p>15 septembre 2025 D\u00e9but des cours<\/p>\n\n\n\n<p><strong>Fin des cours : vendredi 26 juin 2026<\/strong><\/p>\n\n\n\n<h2 class=\"wp-block-heading\">A noter<\/h2>\n\n\n\n<p>Pas de cours pendant les vacances scolaires.<\/p>\n","protected":false},"excerpt":{"rendered":"<p>10 septembre 2025 Portes Ouvertes au P\u00f4le Associatif Mangin Ile Beaulieu 13 septembre 2025 Forum des Associations \u00e0 la Maison de Quartier rue Conan M\u00e9riadec 15 septembre 2025 D\u00e9but des cours Fin des cours : vendredi 26 juin 2026 A noter Pas de cours pendant les vacances scolaires.<\/p>\n","protected":false},"author":1,"featured_media":0,"parent":0,"menu_order":0,"comment_status":"closed","ping_status":"closed","template":"","meta":{"footnotes":""},"class_list":["post-34","page","type-page","status-publish","hentry"],"_links":{"self":[{"href":"https:\/\/dynagym-mangin-ilebeaulieu.fr\/index.php\/wp-json\/wp\/v2\/pages\/34","targetHints":{"allow":["GET"]}}],"collection":[{"href":"https:\/\/dynagym-mangin-ilebeaulieu.fr\/index.php\/wp-json\/wp\/v2\/pages"}],"about":[{"href":"https:\/\/dynagym-mangin-ilebeaulieu.fr\/index.php\/wp-json\/wp\/v2\/types\/page"}],"author":[{"embeddable":true,"href":"https:\/\/dynagym-mangin-ilebeaulieu.fr\/index.php\/wp-json\/wp\/v2\/users\/1"}],"replies":[{"embeddable":true,"href":"https:\/\/dynagym-mangin-ilebeaulieu.fr\/index.php\/wp-json\/wp\/v2\/comments?post=34"}],"version-history":[{"count":5,"href":"https:\/\/dynagym-mangin-ilebeaulieu.fr\/index.php\/wp-json\/wp\/v2\/pages\/34\/revisions"}],"predecessor-version":[{"id":547,"href":"https:\/\/dynagym-mangin-ilebeaulieu.fr\/index.php\/wp-json\/wp\/v2\/pages\/34\/revisions\/547"}],"wp:attachment":[{"href":"https:\/\/dynagym-mangin-ilebeaulieu.fr\/index.php\/wp-json\/wp\/v2\/media?parent=34"}],"curies":[{"name":"wp","href":"https:\/\/api.w.org\/{rel}","templated":true}]}}