{"id":17,"date":"2024-06-13T11:55:33","date_gmt":"2024-06-13T09:55:33","guid":{"rendered":"http:\/\/dynagym-mangin-ilebeaulieu.fr\/?page_id=17"},"modified":"2025-09-24T14:53:21","modified_gmt":"2025-09-24T12:53:21","slug":"lieu-et-horaires","status":"publish","type":"page","link":"https:\/\/dynagym-mangin-ilebeaulieu.fr\/index.php\/lieu-et-horaires\/","title":{"rendered":"Lieu et horaires"},"content":{"rendered":"\n<p><\/p>\n\n\n\n<p><strong>Les s\u00e9ances en salle<\/strong><\/p>\n\n\n\n<p>P\u00f4le Associatif Mangin Ile Beaulieu<br>12 rue Anatole de Monzie<br><\/p>\n\n\n\n<p>Lundi 15h45 -16h45 Body Zen avec St\u00e9phanie<br>Mardi 16h -17h Gym&rsquo;dans\u00e9e avec St\u00e9phanie<br>Mercredi 10h45 -11h45 Gym plurielle (Cardio, renforcement musculaire, gainage..) avec Yoann<br>Jeudi 11h -12h  Gym plurielle (Cardio, renforcement musculaire, gainage..) avec St\u00e9phanie<br>Vendredi 9h15 -10h15  Gym plurielle (Cardio, renforcement musculaire, gainage..) avec Yoann<\/p>\n\n\n\n<p><strong>Le mat\u00e9riel<\/strong><\/p>\n\n\n\n<p><\/p>\n\n\n\n<p>Nous utilisons des \u00e9lastibandes, et des ballons (possibilit\u00e9 d\u2019achat \u00e0 Dyna Gym) que nous devons apporter avec nos propres tapis de sol \u00e0 chaque fois.<\/p>\n\n\n\n<p>Selon nos contraintes horaires, ou toute autre raison, nous avons la libert\u00e9 de choisir une autre s\u00e9ance dans la semaine ou de la &nbsp;rattraper en cas d\u2019absence.<\/p>\n\n\n\n<p>Une ou deux s\u00e9ances d&rsquo;essai sont possibles.<\/p>\n\n\n\n<p><strong>NOUVEAU \u00e0 la rentr\u00e9e<\/strong> :<strong> <\/strong><\/p>\n\n\n\n<p><strong>Les s\u00e9ances en ext\u00e9rieur<\/strong><\/p>\n\n\n\n<p>Complexe Sportif Mangin Beaulieu rue des Boires<\/p>\n\n\n\n<p>Une nouvelle activit\u00e9 propos\u00e9e par Christelle, enseignante Activit\u00e9s Physiques Adapt\u00e9es, la marche et les exercices avec les b\u00e2tons dynamiques, le BUNGY PUMP.<\/p>\n\n\n\n<p>Jeudi de 10h45-12h avec Christelle<\/p>\n\n\n\n<p>Vendredi de 13h45-15h avec Christelle<\/p>\n\n\n\n<p>S\u00e9ance d&rsquo;essai possible.<\/p>\n\n\n\n<p><strong>Le mat\u00e9riel<\/strong><\/p>\n\n\n\n<p>B\u00e2tons de marche dynamiques ( avec ressorts) appel\u00e9s Bungy Pump.<\/p>\n\n\n\n<p>Ils peuvent \u00eatre pr\u00eat\u00e9s ou achet\u00e9s avec un groupement d&rsquo;achats.<\/p>\n\n\n\n<p><\/p>\n\n\n\n<p><\/p>\n\n\n\n<p><\/p>\n","protected":false},"excerpt":{"rendered":"<p>Les s\u00e9ances en salle P\u00f4le Associatif Mangin Ile Beaulieu12 rue Anatole de Monzie Lundi 15h45 -16h45 Body Zen avec St\u00e9phanieMardi 16h -17h Gym&rsquo;dans\u00e9e avec St\u00e9phanieMercredi 10h45 -11h45 Gym plurielle (Cardio, renforcement musculaire, gainage..) avec YoannJeudi 11h -12h Gym plurielle (Cardio, renforcement musculaire, gainage..) avec St\u00e9phanieVendredi 9h15 -10h15 Gym plurielle (Cardio, renforcement musculaire, gainage..) avec Yoann &hellip; <\/p>\n<p class=\"link-more\"><a href=\"https:\/\/dynagym-mangin-ilebeaulieu.fr\/index.php\/lieu-et-horaires\/\" class=\"more-link\">Lire la suite de<span class=\"screen-reader-text\">\u00ab\u00a0Lieu et horaires\u00a0\u00bb<\/span><\/a><\/p>\n","protected":false},"author":1,"featured_media":0,"parent":0,"menu_order":0,"comment_status":"closed","ping_status":"closed","template":"","meta":{"footnotes":""},"class_list":["post-17","page","type-page","status-publish","hentry"],"_links":{"self":[{"href":"https:\/\/dynagym-mangin-ilebeaulieu.fr\/index.php\/wp-json\/wp\/v2\/pages\/17","targetHints":{"allow":["GET"]}}],"collection":[{"href":"https:\/\/dynagym-mangin-ilebeaulieu.fr\/index.php\/wp-json\/wp\/v2\/pages"}],"about":[{"href":"https:\/\/dynagym-mangin-ilebeaulieu.fr\/index.php\/wp-json\/wp\/v2\/types\/page"}],"author":[{"embeddable":true,"href":"https:\/\/dynagym-mangin-ilebeaulieu.fr\/index.php\/wp-json\/wp\/v2\/users\/1"}],"replies":[{"embeddable":true,"href":"https:\/\/dynagym-mangin-ilebeaulieu.fr\/index.php\/wp-json\/wp\/v2\/comments?post=17"}],"version-history":[{"count":15,"href":"https:\/\/dynagym-mangin-ilebeaulieu.fr\/index.php\/wp-json\/wp\/v2\/pages\/17\/revisions"}],"predecessor-version":[{"id":492,"href":"https:\/\/dynagym-mangin-ilebeaulieu.fr\/index.php\/wp-json\/wp\/v2\/pages\/17\/revisions\/492"}],"wp:attachment":[{"href":"https:\/\/dynagym-mangin-ilebeaulieu.fr\/index.php\/wp-json\/wp\/v2\/media?parent=17"}],"curies":[{"name":"wp","href":"https:\/\/api.w.org\/{rel}","templated":true}]}}